{"id":421,"date":"2025-06-11T18:22:26","date_gmt":"2025-06-11T18:22:26","guid":{"rendered":"https:\/\/respliving-labvivant.ca\/?page_id=421"},"modified":"2025-09-10T14:38:01","modified_gmt":"2025-09-10T14:38:01","slug":"contact-francais","status":"publish","type":"page","link":"https:\/\/respliving-labvivant.ca\/?page_id=421&lang=fr","title":{"rendered":"Contactez-nous"},"content":{"rendered":"\n<div class=\"wp-block-cover alignfull home-banner\" style=\"min-height:168px;aspect-ratio:unset;\"><span aria-hidden=\"true\" class=\"wp-block-cover__background has-background-dim-100 has-background-dim has-background-gradient\" style=\"background:linear-gradient(135deg,rgb(59,59,220) 43%,rgb(123,195,215) 78%)\"><\/span><div class=\"wp-block-cover__inner-container is-layout-flow wp-block-cover-is-layout-flow\">\n<div class=\"wp-block-group alignwide\"><div class=\"wp-block-group__inner-container is-layout-constrained wp-block-group-is-layout-constrained\">\n<div class=\"wp-block-media-text alignwide has-media-on-the-right is-stacked-on-mobile is-vertically-aligned-center\" style=\"grid-template-columns:auto 15%\"><div class=\"wp-block-media-text__content\">\n<h1 class=\"wp-block-heading has-text-color\" style=\"margin-bottom:18px\"><span style=\"color: #eef0fe;\" class=\"stk-highlight\">Contactez-nous<\/span><\/h1>\n<\/div><figure class=\"wp-block-media-text__media\"><\/figure><\/div>\n<\/div><\/div>\n<\/div><\/div>\n\n\n\n<h1 class=\"wp-block-heading has-text-align-center\"><\/h1>\n\n\n\n<div class=\"wp-block-stackable-columns alignwide stk-block-columns stk-block stk-3341c13\" data-block-id=\"3341c13\"><div class=\"stk-row stk-inner-blocks stk-block-content stk-content-align stk-3341c13-column alignwide\">\n<div class=\"wp-block-stackable-column stk-block-column stk-column stk-block stk-480dfa5\" data-v=\"4\" data-block-id=\"480dfa5\"><div class=\"stk-column-wrapper stk-block-column__content stk-container stk-480dfa5-container stk--no-background stk--no-padding\"><div class=\"stk-block-content stk-inner-blocks stk-480dfa5-inner-blocks\">\n<div class=\"wp-block-stackable-heading alignwide stk-block-heading stk-block-heading--v2 stk-block stk-8a689d5\" id=\"span-style-color-0-d-326-a-class-stk-highlight-direc-span\" data-block-id=\"8a689d5\"><style>.stk-8a689d5 .stk-block-heading__text{font-weight:bold !important;font-family:\"Lato\", Sans-serif !important;}<\/style><h2 class=\"stk-block-heading__text has-text-align-center\"><span style=\"color: #0d326a;\" class=\"stk-highlight\">Directeurs\/Directrices<\/span><\/h2><\/div>\n\n\n\n<div class=\"wp-block-stackable-columns stk-block-columns stk-block stk-bab1f10\" data-block-id=\"bab1f10\"><div class=\"stk-row stk-inner-blocks stk-block-content stk-content-align stk-bab1f10-column\">\n<div class=\"wp-block-stackable-column stk-block-column stk-column stk-block stk-2763114\" data-v=\"4\" data-block-id=\"2763114\"><div class=\"stk-column-wrapper stk-block-column__content stk-container stk-2763114-container stk--no-background stk--no-padding\"><div class=\"stk-block-content stk-inner-blocks stk-2763114-inner-blocks\">\n<div class=\"wp-block-stackable-team-member stk-block-team-member stk-block stk-5b70203 is-style-default\" data-v=\"2\" data-block-id=\"5b70203\"><style>.stk-5b70203-container{box-shadow:0px 2px 20px #99999933 !important;}<\/style><div class=\"stk-block-team-member__content stk-content-align stk-5b70203-column stk-container stk-5b70203-container stk-hover-parent\"><div class=\"stk-block-content stk-inner-blocks has-text-align-left stk-5b70203-inner-blocks\">\n<div class=\"wp-block-stackable-image stk-block-image stk-block stk-9cb1b15\" data-block-id=\"9cb1b15\"><style>.stk-9cb1b15 .stk-img-wrapper{width:150px !important;height:150px !important;}.stk-9cb1b15 .stk-img-wrapper img, .stk-9cb1b15 .stk-img-wrapper::after, .stk-9cb1b15 .stk-img-wrapper::before{mask-image:url('data:image\/svg+xml;base64,PHN2ZyB4bWxucz0iaHR0cDovL3d3dy53My5vcmcvMjAwMC9zdmciIHZpZXdCb3g9IjAgMCAxMDAgMTAwIiBwcmVzZXJ2ZUFzcGVjdFJhdGlvPSJub25lIj48Y2lyY2xlIGN4PSI1MCIgY3k9IjUwIiByPSI1MCI+PC9jaXJjbGU+PC9zdmc+') !important;-webkit-mask-image:url('data:image\/svg+xml;base64,PHN2ZyB4bWxucz0iaHR0cDovL3d3dy53My5vcmcvMjAwMC9zdmciIHZpZXdCb3g9IjAgMCAxMDAgMTAwIiBwcmVzZXJ2ZUFzcGVjdFJhdGlvPSJub25lIj48Y2lyY2xlIGN4PSI1MCIgY3k9IjUwIiByPSI1MCI+PC9jaXJjbGU+PC9zdmc+') !important;}<\/style><figure><span class=\"stk-img-wrapper stk-img--shape stk-image--shape-stretch\"><img loading=\"lazy\" decoding=\"async\" class=\"stk-img wp-image-204\" src=\"http:\/\/respliving-labvivant.ca\/wp-content\/uploads\/2025\/06\/Petrof3_220x180-ezgif.com-webp-to-jpg-converter-e1748963782537.jpg\" width=\"180\" height=\"180\" srcset=\"https:\/\/respliving-labvivant.ca\/wp-content\/uploads\/2025\/06\/Petrof3_220x180-ezgif.com-webp-to-jpg-converter-e1748963782537.jpg 180w, https:\/\/respliving-labvivant.ca\/wp-content\/uploads\/2025\/06\/Petrof3_220x180-ezgif.com-webp-to-jpg-converter-e1748963782537-150x150.jpg 150w, https:\/\/respliving-labvivant.ca\/wp-content\/uploads\/2025\/06\/Petrof3_220x180-ezgif.com-webp-to-jpg-converter-e1748963782537-100x100.jpg 100w\" sizes=\"auto, (max-width: 180px) 100vw, 180px\" \/><\/span><\/figure><\/div>\n\n\n\n<div class=\"wp-block-stackable-heading stk-block-heading stk-block-heading--v2 stk-block stk-d4cb738\" id=\"span-style-color-2-a-52-b-0-class-stk-highlight-a-href-https-meakinsmcgill-com-petrof-data-type-link-data-id-https-meakinsmcgill-com-petrof-dr-basil-petrof-a-span\" data-block-id=\"d4cb738\"><style>.stk-d4cb738 .stk-block-heading__text{font-size:32px !important;font-weight:bold !important;font-family:\"Lato\", Sans-serif !important;}@media screen and (max-width: 1023px){.stk-d4cb738 .stk-block-heading__text{font-size:32px !important;}}<\/style><h2 class=\"stk-block-heading__text\"><span style=\"color: #2a52b0;\" class=\"stk-highlight\"><a href=\"https:\/\/meakinsmcgill.com\/petrof\/\" data-type=\"link\" data-id=\"https:\/\/meakinsmcgill.com\/petrof\/\">Dr. Basil Petrof<\/a><\/span><\/h2><\/div>\n\n\n\n<div class=\"wp-block-stackable-text stk-block-text stk-block stk-aef4bd3\" data-block-id=\"aef4bd3\"><style>.stk-aef4bd3 .stk-block-text__text{font-size:18px !important;}@media screen and (max-width: 1023px){.stk-aef4bd3 .stk-block-text__text{font-size:18px !important;}}<\/style><p class=\"stk-block-text__text\">Professeur de m\u00e9decine<br>Directeur, Meakins-Christie Laboratories, Universit\u00e9 McGill<br>Responsable de programme, Programme de recherche translationnelle en maladies respiratoires, Institut de recherche du Centre universitaire de sant\u00e9 McGill<br>Directeur universitaire (int\u00e9rim), Division de pneumologie adulte de l\u2019Universit\u00e9 McGill<\/p><\/div>\n\n\n\n<p><br><\/p>\n<\/div><\/div><\/div>\n<\/div><\/div><\/div>\n\n\n\n<div class=\"wp-block-stackable-column stk-block-column stk-column stk-block stk-b6e0c3a\" data-v=\"4\" data-block-id=\"b6e0c3a\"><div class=\"stk-column-wrapper stk-block-column__content stk-container stk-b6e0c3a-container stk--no-background stk--no-padding\"><div class=\"stk-block-content stk-inner-blocks stk-b6e0c3a-inner-blocks\">\n<div class=\"wp-block-stackable-team-member stk-block-team-member stk-block stk-7de0124 is-style-default\" data-v=\"2\" data-block-id=\"7de0124\"><div class=\"stk-block-team-member__content stk-content-align stk-7de0124-column stk-container stk-7de0124-container stk-hover-parent\"><div class=\"stk-block-content stk-inner-blocks has-text-align-left stk-7de0124-inner-blocks\">\n<div class=\"wp-block-stackable-image stk-block-image stk-block stk-008244d\" data-block-id=\"008244d\"><style>.stk-008244d .stk-img-wrapper{width:150px !important;height:150px !important;}.stk-008244d .stk-img-wrapper img, .stk-008244d .stk-img-wrapper::after, .stk-008244d .stk-img-wrapper::before{mask-image:url('data:image\/svg+xml;base64,PHN2ZyB4bWxucz0iaHR0cDovL3d3dy53My5vcmcvMjAwMC9zdmciIHZpZXdCb3g9IjAgMCAxMDAgMTAwIiBwcmVzZXJ2ZUFzcGVjdFJhdGlvPSJub25lIj48Y2lyY2xlIGN4PSI1MCIgY3k9IjUwIiByPSI1MCI+PC9jaXJjbGU+PC9zdmc+') !important;-webkit-mask-image:url('data:image\/svg+xml;base64,PHN2ZyB4bWxucz0iaHR0cDovL3d3dy53My5vcmcvMjAwMC9zdmciIHZpZXdCb3g9IjAgMCAxMDAgMTAwIiBwcmVzZXJ2ZUFzcGVjdFJhdGlvPSJub25lIj48Y2lyY2xlIGN4PSI1MCIgY3k9IjUwIiByPSI1MCI+PC9jaXJjbGU+PC9zdmc+') !important;}<\/style><figure><span class=\"stk-img-wrapper stk-img--shape stk-image--shape-stretch\"><img loading=\"lazy\" decoding=\"async\" class=\"stk-img wp-image-203\" src=\"http:\/\/respliving-labvivant.ca\/wp-content\/uploads\/2025\/06\/Dr-Sushmita-Pamidi-e1748963594267.jpg\" width=\"200\" height=\"200\" srcset=\"https:\/\/respliving-labvivant.ca\/wp-content\/uploads\/2025\/06\/Dr-Sushmita-Pamidi-e1748963594267.jpg 200w, https:\/\/respliving-labvivant.ca\/wp-content\/uploads\/2025\/06\/Dr-Sushmita-Pamidi-e1748963594267-150x150.jpg 150w, https:\/\/respliving-labvivant.ca\/wp-content\/uploads\/2025\/06\/Dr-Sushmita-Pamidi-e1748963594267-100x100.jpg 100w\" sizes=\"auto, (max-width: 200px) 100vw, 200px\" \/><\/span><\/figure><\/div>\n\n\n\n<div class=\"wp-block-stackable-heading stk-block-heading stk-block-heading--v2 stk-block stk-17336c6\" id=\"span-style-color-2-a-52-b-0-class-stk-highlight-a-href-https-rimuhc-ca-sushmita-pamidi-md-data-type-link-data-id-https-rimuhc-ca-sushmita-pamidi-md-dr-sushmita-pamidi-a-span\" data-block-id=\"17336c6\"><style>.stk-17336c6 .stk-block-heading__text{font-size:32px !important;font-weight:bold !important;font-family:\"Lato\", Sans-serif !important;}@media screen and (max-width: 1023px){.stk-17336c6 .stk-block-heading__text{font-size:32px !important;}}<\/style><h2 class=\"stk-block-heading__text\"><span style=\"color: #2a52b0;\" class=\"stk-highlight\"><a href=\"https:\/\/rimuhc.ca\/-\/sushmita-pamidi-md\" data-type=\"link\" data-id=\"https:\/\/rimuhc.ca\/-\/sushmita-pamidi-md\">Dr. Sushmita Pamidi<\/a><\/span><\/h2><\/div>\n\n\n\n<div class=\"wp-block-stackable-text stk-block-text stk-block stk-924a7b3\" data-block-id=\"924a7b3\"><style>.stk-924a7b3 .stk-block-text__text{font-size:18px !important;}@media screen and (max-width: 1023px){.stk-924a7b3 .stk-block-text__text{font-size:18px !important;}}<\/style><p class=\"stk-block-text__text\">Directrice, Unit\u00e9 de recherche en \u00e9pid\u00e9miologie respiratoire et en recherche clinique<br>Co-responsable, Programme de recherche translationnelle en maladies respiratoires<br>Centre de recherche sur les r\u00e9sultats et l\u2019\u00e9valuation<\/p><\/div>\n\n\n\n<p><br><\/p>\n<\/div><\/div><\/div>\n<\/div><\/div><\/div>\n<\/div><\/div>\n<\/div><\/div><\/div>\n<\/div><\/div>\n\n\n\n<h3 class=\"wp-block-heading has-text-align-center has-large-font-size\"><span style=\"color: #0d326a;\" class=\"stk-highlight\">Responsable de projet<\/span><\/h3>\n\n\n\n<div class=\"wp-block-stackable-columns stk-block-columns stk-block stk-497ddd7\" data-block-id=\"497ddd7\"><div class=\"stk-row stk-inner-blocks stk-block-content stk-content-align stk-497ddd7-column\">\n<div class=\"wp-block-stackable-column stk-block-column stk-column stk-block stk-3c0c8a8\" data-v=\"4\" data-block-id=\"3c0c8a8\"><div class=\"stk-column-wrapper stk-block-column__content stk-container stk-3c0c8a8-container stk--no-background stk--no-padding\"><div class=\"stk-block-content stk-inner-blocks stk-3c0c8a8-inner-blocks\">\n<div class=\"wp-block-stackable-team-member aligncenter stk-block-team-member stk-block stk-ba2a7e9 is-style-default\" data-v=\"2\" data-block-id=\"ba2a7e9\"><style>.stk-ba2a7e9-container{box-shadow:0px 2px 20px #99999933 !important;}<\/style><div class=\"stk-block-team-member__content stk-content-align stk-ba2a7e9-column stk-container stk-ba2a7e9-container stk-hover-parent\"><div class=\"stk-block-content stk-inner-blocks has-text-align-left stk-ba2a7e9-inner-blocks\">\n<div class=\"wp-block-stackable-image stk-block-image stk-block stk-5c02a38\" data-block-id=\"5c02a38\"><style>.stk-5c02a38 .stk-img-wrapper{width:150px !important;height:150px !important;}.stk-5c02a38 .stk-img-wrapper img, .stk-5c02a38 .stk-img-wrapper::after, .stk-5c02a38 .stk-img-wrapper::before{mask-image:url('data:image\/svg+xml;base64,PHN2ZyB4bWxucz0iaHR0cDovL3d3dy53My5vcmcvMjAwMC9zdmciIHZpZXdCb3g9IjAgMCAxMDAgMTAwIiBwcmVzZXJ2ZUFzcGVjdFJhdGlvPSJub25lIj48Y2lyY2xlIGN4PSI1MCIgY3k9IjUwIiByPSI1MCI+PC9jaXJjbGU+PC9zdmc+') !important;-webkit-mask-image:url('data:image\/svg+xml;base64,PHN2ZyB4bWxucz0iaHR0cDovL3d3dy53My5vcmcvMjAwMC9zdmciIHZpZXdCb3g9IjAgMCAxMDAgMTAwIiBwcmVzZXJ2ZUFzcGVjdFJhdGlvPSJub25lIj48Y2lyY2xlIGN4PSI1MCIgY3k9IjUwIiByPSI1MCI+PC9jaXJjbGU+PC9zdmc+') !important;}<\/style><figure><span class=\"stk-img-wrapper stk-img--shape stk-image--shape-stretch\"><img loading=\"lazy\" decoding=\"async\" class=\"stk-img wp-image-283\" src=\"http:\/\/respliving-labvivant.ca\/wp-content\/uploads\/2025\/06\/Mellissa-Gaudet-Project-Manager-1.jpg\" width=\"2113\" height=\"2113\" srcset=\"https:\/\/respliving-labvivant.ca\/wp-content\/uploads\/2025\/06\/Mellissa-Gaudet-Project-Manager-1.jpg 2113w, https:\/\/respliving-labvivant.ca\/wp-content\/uploads\/2025\/06\/Mellissa-Gaudet-Project-Manager-1-300x300.jpg 300w, https:\/\/respliving-labvivant.ca\/wp-content\/uploads\/2025\/06\/Mellissa-Gaudet-Project-Manager-1-1024x1024.jpg 1024w, https:\/\/respliving-labvivant.ca\/wp-content\/uploads\/2025\/06\/Mellissa-Gaudet-Project-Manager-1-150x150.jpg 150w, https:\/\/respliving-labvivant.ca\/wp-content\/uploads\/2025\/06\/Mellissa-Gaudet-Project-Manager-1-768x768.jpg 768w, https:\/\/respliving-labvivant.ca\/wp-content\/uploads\/2025\/06\/Mellissa-Gaudet-Project-Manager-1-1536x1536.jpg 1536w, https:\/\/respliving-labvivant.ca\/wp-content\/uploads\/2025\/06\/Mellissa-Gaudet-Project-Manager-1-2048x2048.jpg 2048w, https:\/\/respliving-labvivant.ca\/wp-content\/uploads\/2025\/06\/Mellissa-Gaudet-Project-Manager-1-100x100.jpg 100w, https:\/\/respliving-labvivant.ca\/wp-content\/uploads\/2025\/06\/Mellissa-Gaudet-Project-Manager-1-200x200.jpg 200w, https:\/\/respliving-labvivant.ca\/wp-content\/uploads\/2025\/06\/Mellissa-Gaudet-Project-Manager-1-450x450.jpg 450w, https:\/\/respliving-labvivant.ca\/wp-content\/uploads\/2025\/06\/Mellissa-Gaudet-Project-Manager-1-600x600.jpg 600w, https:\/\/respliving-labvivant.ca\/wp-content\/uploads\/2025\/06\/Mellissa-Gaudet-Project-Manager-1-900x900.jpg 900w\" sizes=\"auto, (max-width: 2113px) 100vw, 2113px\" \/><\/span><\/figure><\/div>\n\n\n\n<div class=\"wp-block-stackable-heading stk-block-heading stk-block-heading--v2 stk-block stk-9d61620\" id=\"span-style-color-2-a-52-b-0-class-stk-highlight-mellissa-gaudet-span\" data-block-id=\"9d61620\"><style>.stk-9d61620 .stk-block-heading__text{font-size:32px !important;font-weight:bold !important;font-family:\"Lato\", Sans-serif !important;}@media screen and (max-width: 1023px){.stk-9d61620 .stk-block-heading__text{font-size:32px !important;}}<\/style><h2 class=\"stk-block-heading__text\"><span style=\"color: #2a52b0;\" class=\"stk-highlight\">Mellissa Gaudet<\/span><\/h2><\/div>\n\n\n\n<div class=\"wp-block-stackable-text stk-block-text stk-block stk-7967960\" data-block-id=\"7967960\"><style>.stk-7967960 .stk-block-text__text{font-size:18px !important;}@media screen and (max-width: 1023px){.stk-7967960 .stk-block-text__text{font-size:18px !important;}}<\/style><p class=\"stk-block-text__text\"><a href=\"mailto:resplivinglab@muhc.mcgill.ca\">resplivinglab@muhc.mcgill.ca<\/a>&nbsp;<br><em>514-447-2709<\/em><\/p><\/div>\n<\/div><\/div><\/div>\n<\/div><\/div><\/div>\n<\/div><\/div>\n\n\n\n<p class=\"has-text-align-center\"><\/p>\n","protected":false},"excerpt":{"rendered":"<p>Directeurs\/Directrices Dr. Basil Petrof Professeur de m\u00e9decineDirecteur, Meakins-Christie Laboratories, Universit\u00e9 McGillResponsable de programme, Programme de recherche translationnelle en maladies respiratoires, Institut de recherche du Centre universitaire de sant\u00e9 McGillDirecteur universitaire (int\u00e9rim), Division de pneumologie adulte de l\u2019Universit\u00e9 McGill Dr. Sushmita &hellip;<\/p>\n<p class=\"read-more\"> <a class=\"more-link\" href=\"https:\/\/respliving-labvivant.ca\/?page_id=421&#038;lang=fr\"> <span class=\"screen-reader-text\">Contactez-nous<\/span> Read More &raquo;<\/a><\/p>\n","protected":false},"author":2,"featured_media":0,"parent":0,"menu_order":0,"comment_status":"closed","ping_status":"closed","template":"gutenberg-fullwidth.php","meta":{"footnotes":""},"class_list":["post-421","page","type-page","status-publish","hentry"],"_links":{"self":[{"href":"https:\/\/respliving-labvivant.ca\/index.php?rest_route=\/wp\/v2\/pages\/421","targetHints":{"allow":["GET"]}}],"collection":[{"href":"https:\/\/respliving-labvivant.ca\/index.php?rest_route=\/wp\/v2\/pages"}],"about":[{"href":"https:\/\/respliving-labvivant.ca\/index.php?rest_route=\/wp\/v2\/types\/page"}],"author":[{"embeddable":true,"href":"https:\/\/respliving-labvivant.ca\/index.php?rest_route=\/wp\/v2\/users\/2"}],"replies":[{"embeddable":true,"href":"https:\/\/respliving-labvivant.ca\/index.php?rest_route=%2Fwp%2Fv2%2Fcomments&post=421"}],"version-history":[{"count":9,"href":"https:\/\/respliving-labvivant.ca\/index.php?rest_route=\/wp\/v2\/pages\/421\/revisions"}],"predecessor-version":[{"id":819,"href":"https:\/\/respliving-labvivant.ca\/index.php?rest_route=\/wp\/v2\/pages\/421\/revisions\/819"}],"wp:attachment":[{"href":"https:\/\/respliving-labvivant.ca\/index.php?rest_route=%2Fwp%2Fv2%2Fmedia&parent=421"}],"curies":[{"name":"wp","href":"https:\/\/api.w.org\/{rel}","templated":true}]}}