{"id":447,"date":"2025-06-11T18:36:27","date_gmt":"2025-06-11T18:36:27","guid":{"rendered":"https:\/\/respliving-labvivant.ca\/?page_id=447"},"modified":"2025-09-10T14:09:18","modified_gmt":"2025-09-10T14:09:18","slug":"a-propos-de-nous","status":"publish","type":"page","link":"https:\/\/respliving-labvivant.ca\/?page_id=447&lang=fr","title":{"rendered":"\u00c0 propos de nous"},"content":{"rendered":"\n<div class=\"wp-block-cover alignfull home-banner\" style=\"min-height:247px;aspect-ratio:unset;\"><span aria-hidden=\"true\" class=\"wp-block-cover__background has-background-dim-100 has-background-dim has-background-gradient\" style=\"background:linear-gradient(135deg,rgb(59,59,220) 43%,rgb(123,195,215) 78%)\"><\/span><div class=\"wp-block-cover__inner-container is-layout-flow wp-block-cover-is-layout-flow\">\n<div class=\"wp-block-group alignwide\"><div class=\"wp-block-group__inner-container is-layout-constrained wp-block-group-is-layout-constrained\">\n<div class=\"wp-block-media-text alignwide has-media-on-the-right is-stacked-on-mobile is-vertically-aligned-center\" style=\"grid-template-columns:auto 15%\"><div class=\"wp-block-media-text__content\">\n<h1 class=\"wp-block-heading has-text-color\" style=\"margin-bottom:18px\"><span style=\"color: #eef0fe;\" class=\"stk-highlight\"><strong>\u00c0<\/strong><\/span> propos de nous<\/h1>\n\n\n\n<h3 class=\"wp-block-heading has-responsive-main-container-background-color-color has-text-color has-link-color wp-elements-4ac3de198e2606d759cac35093245ff1\" style=\"font-size:22px\">\u00c0 l\u2019Institut thoracique de Montr\u00e9al (ITM), la recherche ne se fait plus \u00e0 part \u2014 elle fait maintenant partie int\u00e9grante des soins quotidiens. L\u2019initiative du laboratoire vivant, un partenariat entre le ITM, les laboratoires Meakins-Christie de l\u2019Institut de recherche du Centre universitaire de sant\u00e9 McGill (CUSM) et la Fondation du CUSM, rassemble cliniciens et chercheurs sous un m\u00eame toit. Cela signifie que chaque visite de patient peut contribuer \u00e0 faire avancer les d\u00e9couvertes en sant\u00e9 respiratoire.<\/h3>\n<\/div><figure class=\"wp-block-media-text__media\"><\/figure><\/div>\n\n\n\n<div style=\"height:48px\" aria-hidden=\"true\" class=\"wp-block-spacer\"><\/div>\n<\/div><\/div>\n<\/div><\/div>\n\n\n\n<div style=\"height:48px\" aria-hidden=\"true\" class=\"wp-block-spacer\"><\/div>\n\n\n\n<div class=\"wp-block-media-text is-stacked-on-mobile\" style=\"grid-template-columns:46% auto\"><figure class=\"wp-block-media-text__media\"><img loading=\"lazy\" decoding=\"async\" width=\"1024\" height=\"1024\" src=\"https:\/\/respliving-labvivant.ca\/wp-content\/uploads\/2025\/07\/Living-lab-group-photo-1-1024x1024.jpg\" alt=\"\" class=\"wp-image-765 size-full\" srcset=\"https:\/\/respliving-labvivant.ca\/wp-content\/uploads\/2025\/07\/Living-lab-group-photo-1-1024x1024.jpg 1024w, https:\/\/respliving-labvivant.ca\/wp-content\/uploads\/2025\/07\/Living-lab-group-photo-1-300x300.jpg 300w, https:\/\/respliving-labvivant.ca\/wp-content\/uploads\/2025\/07\/Living-lab-group-photo-1-150x150.jpg 150w, https:\/\/respliving-labvivant.ca\/wp-content\/uploads\/2025\/07\/Living-lab-group-photo-1-768x768.jpg 768w, https:\/\/respliving-labvivant.ca\/wp-content\/uploads\/2025\/07\/Living-lab-group-photo-1-1536x1536.jpg 1536w, https:\/\/respliving-labvivant.ca\/wp-content\/uploads\/2025\/07\/Living-lab-group-photo-1-2048x2048.jpg 2048w, https:\/\/respliving-labvivant.ca\/wp-content\/uploads\/2025\/07\/Living-lab-group-photo-1-100x100.jpg 100w, https:\/\/respliving-labvivant.ca\/wp-content\/uploads\/2025\/07\/Living-lab-group-photo-1-200x200.jpg 200w, https:\/\/respliving-labvivant.ca\/wp-content\/uploads\/2025\/07\/Living-lab-group-photo-1-450x450.jpg 450w, https:\/\/respliving-labvivant.ca\/wp-content\/uploads\/2025\/07\/Living-lab-group-photo-1-600x600.jpg 600w, https:\/\/respliving-labvivant.ca\/wp-content\/uploads\/2025\/07\/Living-lab-group-photo-1-900x900.jpg 900w\" sizes=\"auto, (max-width: 1024px) 100vw, 1024px\" \/><\/figure><div class=\"wp-block-media-text__content\">\n<h2 class=\"wp-block-heading has-large-font-size\">Donner vie au projet<\/h2>\n\n\n\n<p style=\"font-size:20px\">Le Laboratoire vivant de l&#8217;Institut thoracique de Montr\u00e9al est rendu possible gr\u00e2ce au g\u00e9n\u00e9reux soutien de partenaires. Apprenez-en plus sur la communaut\u00e9 qui contribue \u00e0 r\u00e9aliser notre mission.<\/p>\n\n\n\n<div style=\"height:48px\" aria-hidden=\"true\" class=\"wp-block-spacer\"><\/div>\n<\/div><\/div>\n\n\n\n<div class=\"wp-block-stackable-divider stk-block-divider stk-block stk-d3c9f59\" data-block-id=\"d3c9f59\"><style>.stk-d3c9f59 hr.stk-block-divider__hr{width:100% !important;}.stk-d3c9f59 {margin-bottom:40px !important;}<\/style><hr class=\"stk-block-divider__hr\"\/><\/div>\n\n\n\n<div class=\"wp-block-media-text is-stacked-on-mobile\" style=\"grid-template-columns:40% auto\"><figure class=\"wp-block-media-text__media\"><img loading=\"lazy\" decoding=\"async\" width=\"1024\" height=\"545\" src=\"https:\/\/respliving-labvivant.ca\/wp-content\/uploads\/2025\/06\/image-1-1024x545.png\" alt=\"\" class=\"wp-image-466 size-full\" srcset=\"https:\/\/respliving-labvivant.ca\/wp-content\/uploads\/2025\/06\/image-1-1024x545.png 1024w, https:\/\/respliving-labvivant.ca\/wp-content\/uploads\/2025\/06\/image-1-300x160.png 300w, https:\/\/respliving-labvivant.ca\/wp-content\/uploads\/2025\/06\/image-1-768x409.png 768w, https:\/\/respliving-labvivant.ca\/wp-content\/uploads\/2025\/06\/image-1-100x53.png 100w, https:\/\/respliving-labvivant.ca\/wp-content\/uploads\/2025\/06\/image-1-150x80.png 150w, https:\/\/respliving-labvivant.ca\/wp-content\/uploads\/2025\/06\/image-1-200x106.png 200w, https:\/\/respliving-labvivant.ca\/wp-content\/uploads\/2025\/06\/image-1-450x239.png 450w, https:\/\/respliving-labvivant.ca\/wp-content\/uploads\/2025\/06\/image-1-600x319.png 600w, https:\/\/respliving-labvivant.ca\/wp-content\/uploads\/2025\/06\/image-1-900x479.png 900w, https:\/\/respliving-labvivant.ca\/wp-content\/uploads\/2025\/06\/image-1.png 1218w\" sizes=\"auto, (max-width: 1024px) 100vw, 1024px\" \/><\/figure><div class=\"wp-block-media-text__content\">\n<h2 class=\"wp-block-heading has-large-font-size\"><a href=\"https:\/\/fondationcusm.com\/travaux\/mieux-respirer\" data-type=\"link\" data-id=\"https:\/\/fondationcusm.com\/travaux\/mieux-respirer\" target=\"_blank\" rel=\"noreferrer noopener\"><span style=\"text-decoration: underline;\">Mieux Respirer<\/span><\/a><\/h2>\n\n\n\n<p style=\"font-size:20px\">La campagne Mieux Respirer, lanc\u00e9e par la Fondation du CUSM en 2021, soutient la recherche et les soins respiratoires de l&#8217;Institut thoracique de Montr\u00e9al. Gr\u00e2ce \u00e0 la m\u00e9decine personnalis\u00e9e, \u00e0 des recherches de pointe et \u00e0 des technologies portables, la campagne aide les patients \u00e0 mieux respirer et continue de sauver des vies.<\/p>\n<\/div><\/div>\n\n\n\n<div style=\"height:12px\" aria-hidden=\"true\" class=\"wp-block-spacer\"><\/div>\n\n\n\n<div class=\"wp-block-group is-nowrap is-layout-flex wp-container-core-group-is-layout-ad2f72ca wp-block-group-is-layout-flex\">\n<blockquote class=\"wp-block-quote is-style-plain has-background is-layout-flow wp-block-quote-is-layout-flow\" style=\"background-color:#d3e5ed\">\n<p style=\"font-size:18px\">\u00ab Les donateurs sauvent des vies! Vous nous permettez d\u2019acheter de l\u2019\u00e9quipement vital qui aide les patients gravement malades \u00e0 mieux respirer. Du fond du c\u0153ur, je vous remercie. \u00bb<br>Franceen Browman | Directrice adjointe de l\u2019inhaloth\u00e9rapie<\/p>\n<\/blockquote>\n\n\n\n<div style=\"height:100px;width:0px\" aria-hidden=\"true\" class=\"wp-block-spacer wp-container-content-e1bb55cb\"><\/div>\n\n\n\n<figure class=\"wp-block-image size-large is-resized is-style-rounded\"><img loading=\"lazy\" decoding=\"async\" width=\"1024\" height=\"924\" src=\"https:\/\/respliving-labvivant.ca\/wp-content\/uploads\/2025\/06\/Screen-Shot-2022-10-02-at-8.56.59-AM-ezgif.com-webp-to-jpg-converter-1024x924.webp\" alt=\"\" class=\"wp-image-479\" style=\"width:227px;height:auto\" srcset=\"https:\/\/respliving-labvivant.ca\/wp-content\/uploads\/2025\/06\/Screen-Shot-2022-10-02-at-8.56.59-AM-ezgif.com-webp-to-jpg-converter-1024x924.webp 1024w, https:\/\/respliving-labvivant.ca\/wp-content\/uploads\/2025\/06\/Screen-Shot-2022-10-02-at-8.56.59-AM-ezgif.com-webp-to-jpg-converter-300x271.webp 300w, https:\/\/respliving-labvivant.ca\/wp-content\/uploads\/2025\/06\/Screen-Shot-2022-10-02-at-8.56.59-AM-ezgif.com-webp-to-jpg-converter-768x693.webp 768w, https:\/\/respliving-labvivant.ca\/wp-content\/uploads\/2025\/06\/Screen-Shot-2022-10-02-at-8.56.59-AM-ezgif.com-webp-to-jpg-converter-1536x1386.webp 1536w, https:\/\/respliving-labvivant.ca\/wp-content\/uploads\/2025\/06\/Screen-Shot-2022-10-02-at-8.56.59-AM-ezgif.com-webp-to-jpg-converter-100x90.webp 100w, https:\/\/respliving-labvivant.ca\/wp-content\/uploads\/2025\/06\/Screen-Shot-2022-10-02-at-8.56.59-AM-ezgif.com-webp-to-jpg-converter-150x135.webp 150w, https:\/\/respliving-labvivant.ca\/wp-content\/uploads\/2025\/06\/Screen-Shot-2022-10-02-at-8.56.59-AM-ezgif.com-webp-to-jpg-converter-200x181.webp 200w, https:\/\/respliving-labvivant.ca\/wp-content\/uploads\/2025\/06\/Screen-Shot-2022-10-02-at-8.56.59-AM-ezgif.com-webp-to-jpg-converter-450x406.webp 450w, https:\/\/respliving-labvivant.ca\/wp-content\/uploads\/2025\/06\/Screen-Shot-2022-10-02-at-8.56.59-AM-ezgif.com-webp-to-jpg-converter-600x542.webp 600w, https:\/\/respliving-labvivant.ca\/wp-content\/uploads\/2025\/06\/Screen-Shot-2022-10-02-at-8.56.59-AM-ezgif.com-webp-to-jpg-converter-900x812.webp 900w, https:\/\/respliving-labvivant.ca\/wp-content\/uploads\/2025\/06\/Screen-Shot-2022-10-02-at-8.56.59-AM-ezgif.com-webp-to-jpg-converter.webp 1920w\" sizes=\"auto, (max-width: 1024px) 100vw, 1024px\" \/><\/figure>\n<\/div>\n\n\n\n<div style=\"height:25px\" aria-hidden=\"true\" class=\"wp-block-spacer\"><\/div>\n\n\n\n<div class=\"wp-block-stackable-divider stk-block-divider stk-block stk-af50c58\" data-block-id=\"af50c58\"><style>.stk-af50c58 hr.stk-block-divider__hr{width:100% !important;}.stk-af50c58 {margin-bottom:40px !important;}<\/style><hr class=\"stk-block-divider__hr\"\/><\/div>\n\n\n\n<div class=\"wp-block-media-text is-stacked-on-mobile\" style=\"grid-template-columns:27% auto\"><figure class=\"wp-block-media-text__media\"><img loading=\"lazy\" decoding=\"async\" width=\"800\" height=\"533\" src=\"https:\/\/respliving-labvivant.ca\/wp-content\/uploads\/2025\/06\/image-1-1.png\" alt=\"\" class=\"wp-image-503 size-full\" srcset=\"https:\/\/respliving-labvivant.ca\/wp-content\/uploads\/2025\/06\/image-1-1.png 800w, https:\/\/respliving-labvivant.ca\/wp-content\/uploads\/2025\/06\/image-1-1-300x200.png 300w, https:\/\/respliving-labvivant.ca\/wp-content\/uploads\/2025\/06\/image-1-1-768x512.png 768w, https:\/\/respliving-labvivant.ca\/wp-content\/uploads\/2025\/06\/image-1-1-100x67.png 100w, https:\/\/respliving-labvivant.ca\/wp-content\/uploads\/2025\/06\/image-1-1-150x100.png 150w, https:\/\/respliving-labvivant.ca\/wp-content\/uploads\/2025\/06\/image-1-1-200x133.png 200w, https:\/\/respliving-labvivant.ca\/wp-content\/uploads\/2025\/06\/image-1-1-450x300.png 450w, https:\/\/respliving-labvivant.ca\/wp-content\/uploads\/2025\/06\/image-1-1-600x400.png 600w\" sizes=\"auto, (max-width: 800px) 100vw, 800px\" \/><\/figure><div class=\"wp-block-media-text__content\">\n<h2 class=\"wp-block-heading has-large-font-size\"><a href=\"https:\/\/www.lebalrouge.com\/fr\/galas-passes\/2023\" data-type=\"link\" data-id=\"https:\/\/muhcfoundation.com\/works\/breathe-easier\" target=\"_blank\" rel=\"noreferrer noopener\"><strong><span style=\"text-decoration: underline;\">Le Bal Rouge<\/span><\/strong><\/a><\/h2>\n\n\n\n<p style=\"font-size:20px\">En mai 2023, Le Bal Rouge, gala phare de la Fondation du CUSM, a transport\u00e9 les invit\u00e9s dans une soir\u00e9e \u00e9blouissante inspir\u00e9e de Gatsby le Magnifique. Les participants ont eu droit \u00e0 des repas gastronomiques, des spectacles et un d\u00e9cor luxueux. Cette collecte de fonds visait \u00e0 soutenir l&#8217;Institut thoracique de Montr\u00e9al et \u00e0 honorer le Dr Kevin Schwartzman pour son importante contribution aux soins li\u00e9s \u00e0 la COVID-19.<\/p>\n<\/div><\/div>\n\n\n\n<div style=\"height:12px\" aria-hidden=\"true\" class=\"wp-block-spacer\"><\/div>\n\n\n\n<div class=\"wp-block-group is-nowrap is-layout-flex wp-container-core-group-is-layout-ad2f72ca wp-block-group-is-layout-flex\">\n<blockquote class=\"wp-block-quote is-style-plain has-background is-layout-flow wp-block-quote-is-layout-flow\" style=\"background-color:#d3e5ed\">\n<div class=\"wp-block-group is-nowrap is-layout-flex wp-container-core-group-is-layout-ad2f72ca wp-block-group-is-layout-flex\">\n<p class=\"wp-container-content-9cfa9a5a\" style=\"font-size:18px\"><strong>1,68 million de dollars<\/strong> ont \u00e9t\u00e9 recueillis pour soutenir des recherches de pointe et des soins exceptionnels \u00e0 l\u2019Institut thoracique de Montr\u00e9al.<\/p>\n<\/div>\n<\/blockquote>\n\n\n\n<div style=\"height:100px;width:40px\" aria-hidden=\"true\" class=\"wp-block-spacer wp-container-content-d613cd94\"><\/div>\n\n\n\n<figure class=\"wp-block-image size-full is-resized is-style-rounded\"><img loading=\"lazy\" decoding=\"async\" width=\"800\" height=\"533\" src=\"https:\/\/respliving-labvivant.ca\/wp-content\/uploads\/2025\/06\/f332be1f-210e-46ba-956a-232ff756444c.webp\" alt=\"\" class=\"wp-image-498\" style=\"width:294px;height:auto\" srcset=\"https:\/\/respliving-labvivant.ca\/wp-content\/uploads\/2025\/06\/f332be1f-210e-46ba-956a-232ff756444c.webp 800w, https:\/\/respliving-labvivant.ca\/wp-content\/uploads\/2025\/06\/f332be1f-210e-46ba-956a-232ff756444c-300x200.webp 300w, https:\/\/respliving-labvivant.ca\/wp-content\/uploads\/2025\/06\/f332be1f-210e-46ba-956a-232ff756444c-768x512.webp 768w, https:\/\/respliving-labvivant.ca\/wp-content\/uploads\/2025\/06\/f332be1f-210e-46ba-956a-232ff756444c-100x67.webp 100w, https:\/\/respliving-labvivant.ca\/wp-content\/uploads\/2025\/06\/f332be1f-210e-46ba-956a-232ff756444c-150x100.webp 150w, https:\/\/respliving-labvivant.ca\/wp-content\/uploads\/2025\/06\/f332be1f-210e-46ba-956a-232ff756444c-200x133.webp 200w, https:\/\/respliving-labvivant.ca\/wp-content\/uploads\/2025\/06\/f332be1f-210e-46ba-956a-232ff756444c-450x300.webp 450w, https:\/\/respliving-labvivant.ca\/wp-content\/uploads\/2025\/06\/f332be1f-210e-46ba-956a-232ff756444c-600x400.webp 600w\" sizes=\"auto, (max-width: 800px) 100vw, 800px\" \/><\/figure>\n\n\n\n<div style=\"height:100px;width:12px\" aria-hidden=\"true\" class=\"wp-block-spacer wp-container-content-d5c5dac1\"><\/div>\n\n\n\n<figure class=\"wp-block-image size-full is-resized is-style-rounded\"><img loading=\"lazy\" decoding=\"async\" width=\"800\" height=\"533\" src=\"https:\/\/respliving-labvivant.ca\/wp-content\/uploads\/2025\/06\/c1228dc7-525d-4d02-91b3-c0837eac9d39.webp\" alt=\"\" class=\"wp-image-501\" style=\"aspect-ratio:1;object-fit:cover;width:201px;height:auto\" srcset=\"https:\/\/respliving-labvivant.ca\/wp-content\/uploads\/2025\/06\/c1228dc7-525d-4d02-91b3-c0837eac9d39.webp 800w, https:\/\/respliving-labvivant.ca\/wp-content\/uploads\/2025\/06\/c1228dc7-525d-4d02-91b3-c0837eac9d39-300x200.webp 300w, https:\/\/respliving-labvivant.ca\/wp-content\/uploads\/2025\/06\/c1228dc7-525d-4d02-91b3-c0837eac9d39-768x512.webp 768w, https:\/\/respliving-labvivant.ca\/wp-content\/uploads\/2025\/06\/c1228dc7-525d-4d02-91b3-c0837eac9d39-100x67.webp 100w, https:\/\/respliving-labvivant.ca\/wp-content\/uploads\/2025\/06\/c1228dc7-525d-4d02-91b3-c0837eac9d39-150x100.webp 150w, https:\/\/respliving-labvivant.ca\/wp-content\/uploads\/2025\/06\/c1228dc7-525d-4d02-91b3-c0837eac9d39-200x133.webp 200w, https:\/\/respliving-labvivant.ca\/wp-content\/uploads\/2025\/06\/c1228dc7-525d-4d02-91b3-c0837eac9d39-450x300.webp 450w, https:\/\/respliving-labvivant.ca\/wp-content\/uploads\/2025\/06\/c1228dc7-525d-4d02-91b3-c0837eac9d39-600x400.webp 600w\" sizes=\"auto, (max-width: 800px) 100vw, 800px\" \/><\/figure>\n<\/div>\n\n\n\n<div style=\"height:50px\" aria-hidden=\"true\" class=\"wp-block-spacer\"><\/div>\n\n\n\n<div class=\"wp-block-stackable-divider stk-block-divider stk-block stk-c44e74d\" data-block-id=\"c44e74d\"><style>.stk-c44e74d hr.stk-block-divider__hr{width:100% !important;}.stk-c44e74d {margin-bottom:40px !important;}<\/style><hr class=\"stk-block-divider__hr\"\/><\/div>\n\n\n\n<div class=\"wp-block-stackable-heading stk-block-heading stk-block-heading--v2 stk-block stk-4c86820\" id=\"collaborateurs\" data-block-id=\"4c86820\"><style>.stk-4c86820 {margin-bottom:0px !important;}<\/style><h2 class=\"stk-block-heading__text\">Collaborateurs<\/h2><\/div>\n\n\n\n<div style=\"height:50px\" aria-hidden=\"true\" class=\"wp-block-spacer\"><\/div>\n\n\n\n<div class=\"wp-block-stackable-columns stk-block-columns stk-block stk-944d643\" data-block-id=\"944d643\"><div class=\"stk-row stk-inner-blocks stk-block-content stk-content-align stk-944d643-column\">\n<div class=\"wp-block-stackable-column stk-block-column stk-column stk-block stk-2be1bd9\" data-v=\"4\" data-block-id=\"2be1bd9\"><div class=\"stk-column-wrapper stk-block-column__content stk-container stk-2be1bd9-container stk--no-background stk--no-padding\"><div class=\"stk-block-content stk-inner-blocks stk-2be1bd9-inner-blocks\">\n<div class=\"wp-block-stackable-image stk-block-image stk-block stk-0c65a5c\" data-block-id=\"0c65a5c\"><figure><a class=\"stk-link\" href=\"https:\/\/fondationcusm.com\/?_gl=1%2a1i07hn7%2a_gcl_au%2aMTg5ODA1OTUyOS4xNzUzMjgxOTM3\" target=\"_blank\" rel=\"noreferrer noopener\"><span class=\"stk-img-wrapper stk-image--shape-stretch\"><img loading=\"lazy\" decoding=\"async\" class=\"stk-img wp-image-788\" src=\"http:\/\/respliving-labvivant.ca\/wp-content\/uploads\/2025\/09\/MUHC_Foundation-Logo2_black-letters.png\" width=\"555\" height=\"91\" srcset=\"https:\/\/respliving-labvivant.ca\/wp-content\/uploads\/2025\/09\/MUHC_Foundation-Logo2_black-letters.png 555w, https:\/\/respliving-labvivant.ca\/wp-content\/uploads\/2025\/09\/MUHC_Foundation-Logo2_black-letters-300x49.png 300w, https:\/\/respliving-labvivant.ca\/wp-content\/uploads\/2025\/09\/MUHC_Foundation-Logo2_black-letters-100x16.png 100w, https:\/\/respliving-labvivant.ca\/wp-content\/uploads\/2025\/09\/MUHC_Foundation-Logo2_black-letters-150x25.png 150w, https:\/\/respliving-labvivant.ca\/wp-content\/uploads\/2025\/09\/MUHC_Foundation-Logo2_black-letters-200x33.png 200w, https:\/\/respliving-labvivant.ca\/wp-content\/uploads\/2025\/09\/MUHC_Foundation-Logo2_black-letters-450x74.png 450w\" sizes=\"auto, (max-width: 555px) 100vw, 555px\" \/><\/span><\/a><\/figure><\/div>\n<\/div><\/div><\/div>\n\n\n\n<div class=\"wp-block-stackable-column stk-block-column stk-column stk-block stk-78b3bd4\" data-v=\"4\" data-block-id=\"78b3bd4\"><div class=\"stk-column-wrapper stk-block-column__content stk-container stk-78b3bd4-container stk--no-background stk--no-padding\"><div class=\"stk-block-content stk-inner-blocks stk-78b3bd4-inner-blocks\">\n<div class=\"wp-block-stackable-image stk-block-image stk-block stk-5e22e42\" data-block-id=\"5e22e42\"><style>.stk-5e22e42 .stk-img-wrapper img{transform:scale(1.2) !important;}<\/style><figure><a class=\"stk-link\" href=\"https:\/\/rimuhc.ca\/fr\/\" target=\"_blank\" rel=\"noreferrer noopener\"><span class=\"stk-img-wrapper stk-image--shape-stretch\"><img loading=\"lazy\" decoding=\"async\" class=\"stk-img wp-image-789\" src=\"http:\/\/respliving-labvivant.ca\/wp-content\/uploads\/2025\/09\/RIlogoColour.jpg\" width=\"2000\" height=\"427\" srcset=\"https:\/\/respliving-labvivant.ca\/wp-content\/uploads\/2025\/09\/RIlogoColour.jpg 2000w, https:\/\/respliving-labvivant.ca\/wp-content\/uploads\/2025\/09\/RIlogoColour-300x64.jpg 300w, https:\/\/respliving-labvivant.ca\/wp-content\/uploads\/2025\/09\/RIlogoColour-1024x219.jpg 1024w, https:\/\/respliving-labvivant.ca\/wp-content\/uploads\/2025\/09\/RIlogoColour-768x164.jpg 768w, https:\/\/respliving-labvivant.ca\/wp-content\/uploads\/2025\/09\/RIlogoColour-1536x328.jpg 1536w, https:\/\/respliving-labvivant.ca\/wp-content\/uploads\/2025\/09\/RIlogoColour-100x21.jpg 100w, https:\/\/respliving-labvivant.ca\/wp-content\/uploads\/2025\/09\/RIlogoColour-150x32.jpg 150w, https:\/\/respliving-labvivant.ca\/wp-content\/uploads\/2025\/09\/RIlogoColour-200x43.jpg 200w, https:\/\/respliving-labvivant.ca\/wp-content\/uploads\/2025\/09\/RIlogoColour-450x96.jpg 450w, https:\/\/respliving-labvivant.ca\/wp-content\/uploads\/2025\/09\/RIlogoColour-600x128.jpg 600w, https:\/\/respliving-labvivant.ca\/wp-content\/uploads\/2025\/09\/RIlogoColour-900x192.jpg 900w\" sizes=\"auto, (max-width: 2000px) 100vw, 2000px\" \/><\/span><\/a><\/figure><\/div>\n<\/div><\/div><\/div>\n<\/div><\/div>\n\n\n\n<div class=\"wp-block-stackable-image stk-block-image stk-block stk-08fdad9\" data-block-id=\"08fdad9\"><style>.stk-08fdad9 .stk-img-wrapper{width:361px !important;}<\/style><figure><a class=\"stk-link\" href=\"https:\/\/fr.labtag.com\/\" target=\"_blank\" rel=\"noreferrer noopener\"><span class=\"stk-img-wrapper stk-image--shape-stretch\"><img loading=\"lazy\" decoding=\"async\" class=\"stk-img wp-image-783\" src=\"http:\/\/respliving-labvivant.ca\/wp-content\/uploads\/2025\/09\/GA-Int-Labtag-Logo.png\" width=\"361\" height=\"123\" srcset=\"https:\/\/respliving-labvivant.ca\/wp-content\/uploads\/2025\/09\/GA-Int-Labtag-Logo.png 361w, https:\/\/respliving-labvivant.ca\/wp-content\/uploads\/2025\/09\/GA-Int-Labtag-Logo-300x102.png 300w, https:\/\/respliving-labvivant.ca\/wp-content\/uploads\/2025\/09\/GA-Int-Labtag-Logo-100x34.png 100w, https:\/\/respliving-labvivant.ca\/wp-content\/uploads\/2025\/09\/GA-Int-Labtag-Logo-150x51.png 150w, https:\/\/respliving-labvivant.ca\/wp-content\/uploads\/2025\/09\/GA-Int-Labtag-Logo-200x68.png 200w\" sizes=\"auto, (max-width: 361px) 100vw, 361px\" \/><\/span><\/a><\/figure><\/div>\n\n\n\n<p><\/p>\n","protected":false},"excerpt":{"rendered":"<p>Mieux Respirer La campagne Mieux Respirer, lanc\u00e9e par la Fondation du CUSM en 2021, soutient la recherche et les soins respiratoires de l&#8217;Institut thoracique de Montr\u00e9al. Gr\u00e2ce \u00e0 la m\u00e9decine personnalis\u00e9e, \u00e0 des recherches de pointe et \u00e0 des technologies &hellip;<\/p>\n<p class=\"read-more\"> <a class=\"more-link\" href=\"https:\/\/respliving-labvivant.ca\/?page_id=447&#038;lang=fr\"> <span class=\"screen-reader-text\">\u00c0 propos de nous<\/span> Read More &raquo;<\/a><\/p>\n","protected":false},"author":2,"featured_media":0,"parent":0,"menu_order":0,"comment_status":"closed","ping_status":"closed","template":"gutenberg-fullwidth.php","meta":{"footnotes":""},"class_list":["post-447","page","type-page","status-publish","hentry"],"_links":{"self":[{"href":"https:\/\/respliving-labvivant.ca\/index.php?rest_route=\/wp\/v2\/pages\/447","targetHints":{"allow":["GET"]}}],"collection":[{"href":"https:\/\/respliving-labvivant.ca\/index.php?rest_route=\/wp\/v2\/pages"}],"about":[{"href":"https:\/\/respliving-labvivant.ca\/index.php?rest_route=\/wp\/v2\/types\/page"}],"author":[{"embeddable":true,"href":"https:\/\/respliving-labvivant.ca\/index.php?rest_route=\/wp\/v2\/users\/2"}],"replies":[{"embeddable":true,"href":"https:\/\/respliving-labvivant.ca\/index.php?rest_route=%2Fwp%2Fv2%2Fcomments&post=447"}],"version-history":[{"count":13,"href":"https:\/\/respliving-labvivant.ca\/index.php?rest_route=\/wp\/v2\/pages\/447\/revisions"}],"predecessor-version":[{"id":814,"href":"https:\/\/respliving-labvivant.ca\/index.php?rest_route=\/wp\/v2\/pages\/447\/revisions\/814"}],"wp:attachment":[{"href":"https:\/\/respliving-labvivant.ca\/index.php?rest_route=%2Fwp%2Fv2%2Fmedia&parent=447"}],"curies":[{"name":"wp","href":"https:\/\/api.w.org\/{rel}","templated":true}]}}