{"id":681,"date":"2025-07-17T15:29:51","date_gmt":"2025-07-17T15:29:51","guid":{"rendered":"https:\/\/respliving-labvivant.ca\/?page_id=681"},"modified":"2025-07-21T19:10:36","modified_gmt":"2025-07-21T19:10:36","slug":"pour-les-chercheurs","status":"publish","type":"page","link":"https:\/\/respliving-labvivant.ca\/?page_id=681&lang=fr","title":{"rendered":"Pour les chercheurs"},"content":{"rendered":"\n<p>Ce contenu est prot\u00e9g\u00e9 par mot de passe. Cliquez ci-dessous pour y acc\u00e9der. Vous serez invit\u00e9 \u00e0 saisir votre mot de passe.<\/p>\n\n\n\n<div class=\"wp-block-buttons is-layout-flex wp-block-buttons-is-layout-flex\">\n<div class=\"wp-block-button\"><a class=\"wp-block-button__link wp-element-button\" href=\"https:\/\/respliving-labvivant.ca\/?page_id=680https:\/\/respliving-labvivant.ca\/?page_id=680\">Cliquez-ici<\/a><\/div>\n<\/div>\n\n\n\n<p><\/p>\n","protected":false},"excerpt":{"rendered":"<p>Ce contenu est prot\u00e9g\u00e9 par mot de passe. Cliquez ci-dessous pour y acc\u00e9der. Vous serez invit\u00e9 \u00e0 saisir votre mot de passe.<\/p>\n","protected":false},"author":2,"featured_media":0,"parent":0,"menu_order":0,"comment_status":"closed","ping_status":"closed","template":"","meta":{"footnotes":""},"class_list":["post-681","page","type-page","status-publish","hentry"],"_links":{"self":[{"href":"https:\/\/respliving-labvivant.ca\/index.php?rest_route=\/wp\/v2\/pages\/681","targetHints":{"allow":["GET"]}}],"collection":[{"href":"https:\/\/respliving-labvivant.ca\/index.php?rest_route=\/wp\/v2\/pages"}],"about":[{"href":"https:\/\/respliving-labvivant.ca\/index.php?rest_route=\/wp\/v2\/types\/page"}],"author":[{"embeddable":true,"href":"https:\/\/respliving-labvivant.ca\/index.php?rest_route=\/wp\/v2\/users\/2"}],"replies":[{"embeddable":true,"href":"https:\/\/respliving-labvivant.ca\/index.php?rest_route=%2Fwp%2Fv2%2Fcomments&post=681"}],"version-history":[{"count":3,"href":"https:\/\/respliving-labvivant.ca\/index.php?rest_route=\/wp\/v2\/pages\/681\/revisions"}],"predecessor-version":[{"id":721,"href":"https:\/\/respliving-labvivant.ca\/index.php?rest_route=\/wp\/v2\/pages\/681\/revisions\/721"}],"wp:attachment":[{"href":"https:\/\/respliving-labvivant.ca\/index.php?rest_route=%2Fwp%2Fv2%2Fmedia&parent=681"}],"curies":[{"name":"wp","href":"https:\/\/api.w.org\/{rel}","templated":true}]}}